{"id":57,"date":"2010-10-22T00:49:41","date_gmt":"2010-10-22T00:49:41","guid":{"rendered":"http:\/\/elmonasteriodelcobro.com\/?page_id=57"},"modified":"2025-07-04T13:40:12","modified_gmt":"2025-07-04T11:40:12","slug":"aviso-legal","status":"publish","type":"page","link":"https:\/\/elmonasteriodelcobro.com\/index.php\/aviso-legal\/","title":{"rendered":"Aviso Legal"},"content":{"rendered":"<p align=\"center\"><b>AVISO LEGAL<\/b><\/p>\n<p><strong>CONDICIONES GENERALES DE ACCESO<\/strong><\/p>\n<p><strong>POL\u00cdTICA DE PROTECCI\u00d3N DE DATOS DE CAR\u00c1CTER PERSONAL<\/strong><\/p>\n<p style=\"text-align: left; padding-left: 40px;\"><strong>Mediante este AVISO LEGAL, QUALITY STERLYN, S.L., sociedad mercantil legalmente constituida, como propietaria de la web y el dominio elmonasteriodelcobro.com, informa a los Usuarios de este sitio web, en cumplimiento de la Ley Org\u00e1nica 15\/1999, de 13 de diciembre, de Protecci\u00f3n de Datos de Car\u00e1cter Personal sobre su pol\u00edtica de protecci\u00f3n de datos personales y condiciones generales de acceso, con la finalidad de que \u00e9stos decidan de forma expresa, libre y voluntaria, si desean facilitar los datos personales que les puedan ser solicitados.<\/strong><\/p>\n<p>\u00a0 \u00a0 \u00a0 \u00a0 \u00a0 <strong>QUALITY STERLYN, S.L., es una sociedad Inscrita en el Registro Mercantil de Madrid al Tomo 27648, Folio 171 Hoja M-498232<\/strong><\/p>\n<p style=\"text-align: left; padding-left: 40px;\">Con car\u00e1cter general el acceso a la p\u00e1gina web no exige la previa suscripci\u00f3n o registro de los Usuarios.<b> <\/b>El Usuario accede a la p\u00e1gina web bajo su exclusiva responsabilidad. Los contenidos y servicios tienen como finalidad exclusiva la difusi\u00f3n de informaci\u00f3n acerca de las actividades desarrolladas por Quality Sterlyn, S.L..<\/p>\n<p style=\"text-align: left; padding-left: 40px;\">Quality Sterlyn, S.L. se reserva la facultad de realizar, en cualquier momento y sin necesidad de preaviso alguno, cualquier modificaci\u00f3n o actualizaci\u00f3n de los contenidos y servicios, de las Condiciones de Acceso y, en general, de cuantos elementos integren el dise\u00f1o y configuraci\u00f3n de su p\u00e1gina web.<\/p>\n<p style=\"text-align: left; padding-left: 40px;\">La utilizaci\u00f3n de este sitio web implica la aceptaci\u00f3n plena y sin reservas de todas y cada una de las disposiciones incluidas en este Aviso Legal en la versi\u00f3n publicada por Quality Sterlyn, S.L., en el momento mismo en que el Usuario acceda a la p\u00e1gina web. En consecuencia, el Usuario debe leer atentamente el presente Aviso Legal en cada una de las ocasiones en que se proponga utilizar la p\u00e1gina web, ya que aqu\u00e9l puede sufrir modificaciones.<\/p>\n<p style=\"text-align: left; padding-left: 40px;\">&#8211; El Usuario, al facilitar voluntariamente sus datos personales a trav\u00e9s de cualquier formulario de este sitio web o mensaje de correo electr\u00f3nico y aceptar su env\u00edo, autoriza expresamente a Quality Sterlyn, S.L., para que trate e incorpore en un fichero de su propiedad aquellos datos remitidos.<\/p>\n<p style=\"text-align: left; padding-left: 40px;\">&#8211; La recogida y tratamiento de los datos personales que el Usuario facilite tiene como finalidad gestionar y tramitar su petici\u00f3n y\/o solicitud de informaci\u00f3n y remitirle informaci\u00f3n sobre los servicios que ha solicitado y que \u201cQuality Sterlyn, S.L.,\u201d ofrezca por correo ordinario, electr\u00f3nico, telf. y\/o fax. y, en su caso, el mantenimiento de la relaci\u00f3n contractual que pudiera derivarse de esa informaci\u00f3n, y expresamente el env\u00edo de informaci\u00f3n sobre los servicios prestados.<\/p>\n<p style=\"text-align: left; padding-left: 40px;\">&#8211; Los datos personales que facilite el Usuario deber\u00e1n ser verdaderos, exactos, completos y actualizados, respondiendo de los da\u00f1os y perjuicios que se pudieran ocasionar a causa del no cumplimiento de esta obligaci\u00f3n. El Usuario se compromete a no facilitar datos de car\u00e1cter personal referidos a terceras personas, a trav\u00e9s de los formularios existentes en esta p\u00e1gina Web.<\/p>\n<p style=\"text-align: left; padding-left: 40px;\">&#8211; Quality Sterlyn, S.L., ha adoptado las medidas t\u00e9cnicas necesarias para evitar la alteraci\u00f3n, p\u00e9rdida o tratamiento no autorizado a los datos personales que el Usuario facilite, habida cuenta de las limitaciones que presenta Internet, y manifiesta su compromiso de confidencialidad respecto al tratamiento de los datos personales del Usuario.<\/p>\n<p style=\"text-align: left; padding-left: 40px;\">No obstante cualquier transferencia de datos mediante Internet tiene el riesgo de ser interceptada, siendo el Usuario consciente que las medidas de seguridad en Internet pueden ser alteradas y por lo tanto pueden estar sujetas a posibles intromisiones ilegales o indebidas, por lo que el riesgo de enviar datos que se publiquen en Internet lo asume la persona que nos env\u00eda los datos o que nos autoriza a que sus datos formen parte del directorio, de las diferentes secciones de la p\u00e1gina web o de los ficheros de la empresa.<\/p>\n<p style=\"text-align: left; padding-left: 40px;\">&#8211; El Usuario tiene derecho a acceder a la informaci\u00f3n que le concierne recopilada en el fichero de Quality Sterlyn, S.L., rectificarla de ser err\u00f3nea, cancelarla u oponerse a su tratamiento a trav\u00e9s del correo electr\u00f3nico o de comunicaci\u00f3n escrita dirigida a Quality Sterlyn, S.L., \u2013 P\u00ba de la Castellana,129 \u2013 28046-Madrid. (email:mb@sterlyn.com). En ambos casos se deber\u00e1 acreditar la identidad del Usuario.<\/p>\n<p style=\"text-align: left; padding-left: 40px;\">Con respecto a los contenidos, im\u00e1genes y logotipos mostrados en el sitio web, queda prohibida su utilizaci\u00f3n, cesi\u00f3n o reproducci\u00f3n -ya sea parcial o total- a\u00fan en caso de mencionarse su origen sin contar con la oportuna autorizaci\u00f3n.<\/p>\n<p style=\"text-align: left; padding-left: 40px;\">Quality Sterlyn, S.L. informa que queda terminantemente prohibido el uso de links (hiperv\u00ednculos a direcciones web) direccionados a nuestra p\u00e1gina sin nuestro consentimiento previo. Quality Sterlyn, S.L. no se responsabiliza de los contenidos de las p\u00e1ginas que incluyen links a nuestra p\u00e1gina.<\/p>\n<p style=\"text-align: left; padding-left: 40px;\" align=\"center\">LEGISLACI\u00d3N Y JURISDICCI\u00d3N APLICABLE.<\/p>\n<p style=\"text-align: left; padding-left: 40px;\">Las presentes Condiciones de Acceso quedan sujetas al ordenamiento jur\u00eddico espa\u00f1ol.<br \/>\nPara la resoluci\u00f3n de cualquier conflicto que pudiera derivarse del acceso a la p\u00e1gina web, el Usuario y Quality Sterlyn, S.L., acuerdan someterse expresamente a los juzgados y tribunales de la ciudad de Madrid, con renuncia a cualquier otro fuero general o especial que les pudiera corresponder.<\/p>\n","protected":false},"excerpt":{"rendered":"<p>AVISO LEGAL CONDICIONES GENERALES DE ACCESO POL\u00cdTICA DE PROTECCI\u00d3N DE DATOS DE CAR\u00c1CTER PERSONAL Mediante este AVISO LEGAL, QUALITY STERLYN, S.L., sociedad mercantil legalmente constituida, como propietaria de la web y el dominio elmonasteriodelcobro.com, informa a los Usuarios de este &hellip; <a href=\"https:\/\/elmonasteriodelcobro.com\/index.php\/aviso-legal\/\">Sigue leyendo <span class=\"meta-nav\">&rarr;<\/span><\/a><\/p>\n","protected":false},"author":1,"featured_media":0,"parent":0,"menu_order":1,"comment_status":"open","ping_status":"open","template":"","meta":{"footnotes":""},"class_list":["post-57","page","type-page","status-publish","hentry"],"_links":{"self":[{"href":"https:\/\/elmonasteriodelcobro.com\/index.php\/wp-json\/wp\/v2\/pages\/57","targetHints":{"allow":["GET"]}}],"collection":[{"href":"https:\/\/elmonasteriodelcobro.com\/index.php\/wp-json\/wp\/v2\/pages"}],"about":[{"href":"https:\/\/elmonasteriodelcobro.com\/index.php\/wp-json\/wp\/v2\/types\/page"}],"author":[{"embeddable":true,"href":"https:\/\/elmonasteriodelcobro.com\/index.php\/wp-json\/wp\/v2\/users\/1"}],"replies":[{"embeddable":true,"href":"https:\/\/elmonasteriodelcobro.com\/index.php\/wp-json\/wp\/v2\/comments?post=57"}],"version-history":[{"count":6,"href":"https:\/\/elmonasteriodelcobro.com\/index.php\/wp-json\/wp\/v2\/pages\/57\/revisions"}],"predecessor-version":[{"id":1725,"href":"https:\/\/elmonasteriodelcobro.com\/index.php\/wp-json\/wp\/v2\/pages\/57\/revisions\/1725"}],"wp:attachment":[{"href":"https:\/\/elmonasteriodelcobro.com\/index.php\/wp-json\/wp\/v2\/media?parent=57"}],"curies":[{"name":"wp","href":"https:\/\/api.w.org\/{rel}","templated":true}]}}