{"id":29,"date":"2010-09-30T00:41:42","date_gmt":"2010-09-29T22:41:42","guid":{"rendered":"http:\/\/elmonasteriodelcobro.com\/?page_id=29"},"modified":"2013-10-09T18:53:18","modified_gmt":"2013-10-09T16:53:18","slug":"morosidad","status":"publish","type":"page","link":"https:\/\/elmonasteriodelcobro.com\/index.php\/morosidad\/","title":{"rendered":"Morosidad"},"content":{"rendered":"<h4><span class=\"Apple-style-span\" style=\"font-weight: normal;\">MOROSIDAD<\/span><\/h4>\n<h4><span class=\"Apple-style-span\" style=\"font-weight: normal;\">Despu\u00e9s de trabajar durante un largo per\u00edodo de tiempo en el sector del recobro, conocemos perfectamente el perfil del moroso. Por eso creemos necesario que se ponga en manos de <strong>profesionales<\/strong> en el momento que su cliente deje de serlo para convertirse en moroso.<\/span><\/h4>\n<div style=\"text-align: justify;\"><\/div>\n<h4 style=\"text-align: justify;\"><strong>COMO COBRA EL MONASTERIO A LOS MOROSOS :<\/strong><\/h4>\n<div style=\"text-align: justify;\">\n<dl>\n<dt><strong>1. INFORMACI\u00d3N :<\/strong><\/dt>\n<dd>Gracias a un especializado departamento de detectives, se conocen todos los datos del moroso y, por supuesto, a nuestro Banco de Datos, llamado <a title=\"Banco de Datos ( B.E.I.)\" href=\"http:\/\/elmonasteriodelcobro.com\/index.php\/banco-de-datos-bei\/\"><strong>Banco Ejecutivo de Impagados (B. E. I.)<\/strong><\/a><\/dd>\n<dt><strong>2. GESTI\u00d3N :<\/strong><\/dt>\n<dd>Despu\u00e9s de ser informado el expediente, pasa al Departamento de Gesti\u00f3n, departamento que se configura con los mejores Gestores de Cobros seg\u00fan muestra nuestra trayectoria profesional .<\/dd>\n<dt><a name=\"Juridico\"><\/a><strong>3. DEPARTAMENTO JUR\u00cdDICO :<\/strong><\/dt>\n<dd>A la vez que nuestros Gestores de Cobros van avanzando por v\u00eda extrajudicial, nuestro Departamento Jur\u00eddico potencia el cobro judicial, tanto por su v\u00eda Civil como Penal, as\u00ed aseguramos el COBRO A NUESTROS CLIENTES.<\/dd>\n<\/dl>\n<\/div>\n<p style=\"text-align: justify;\"><strong>Conf\u00ede el cobro de sus morosos a profesionales capacitados para ello.<\/strong><\/p>\n<p><a href=\"http:\/\/elmonasteriodelcobro.com\/wp-content\/uploads\/banner-monas.gif\"><img fetchpriority=\"high\" decoding=\"async\" class=\"size-full wp-image-193 aligncenter\" alt=\"banner-monas\" src=\"http:\/\/elmonasteriodelcobro.com\/wp-content\/uploads\/banner-monas.gif\" width=\"350\" height=\"350\" \/><\/a><\/p>\n<div style=\"text-align: justify;\"><\/div>\n<p style=\"text-align: justify;\">EL MONASTERIO DEL COBRO<\/p>\n","protected":false},"excerpt":{"rendered":"<p>MOROSIDAD Despu\u00e9s de trabajar durante un largo per\u00edodo de tiempo en el sector del recobro, conocemos perfectamente el perfil del moroso. Por eso creemos necesario que se ponga en manos de profesionales en el momento que su cliente deje de &hellip; <a href=\"https:\/\/elmonasteriodelcobro.com\/index.php\/morosidad\/\">Sigue leyendo <span class=\"meta-nav\">&rarr;<\/span><\/a><\/p>\n","protected":false},"author":1,"featured_media":0,"parent":0,"menu_order":7,"comment_status":"closed","ping_status":"closed","template":"","meta":{"footnotes":""},"class_list":["post-29","page","type-page","status-publish","hentry"],"_links":{"self":[{"href":"https:\/\/elmonasteriodelcobro.com\/index.php\/wp-json\/wp\/v2\/pages\/29","targetHints":{"allow":["GET"]}}],"collection":[{"href":"https:\/\/elmonasteriodelcobro.com\/index.php\/wp-json\/wp\/v2\/pages"}],"about":[{"href":"https:\/\/elmonasteriodelcobro.com\/index.php\/wp-json\/wp\/v2\/types\/page"}],"author":[{"embeddable":true,"href":"https:\/\/elmonasteriodelcobro.com\/index.php\/wp-json\/wp\/v2\/users\/1"}],"replies":[{"embeddable":true,"href":"https:\/\/elmonasteriodelcobro.com\/index.php\/wp-json\/wp\/v2\/comments?post=29"}],"version-history":[{"count":3,"href":"https:\/\/elmonasteriodelcobro.com\/index.php\/wp-json\/wp\/v2\/pages\/29\/revisions"}],"predecessor-version":[{"id":824,"href":"https:\/\/elmonasteriodelcobro.com\/index.php\/wp-json\/wp\/v2\/pages\/29\/revisions\/824"}],"wp:attachment":[{"href":"https:\/\/elmonasteriodelcobro.com\/index.php\/wp-json\/wp\/v2\/media?parent=29"}],"curies":[{"name":"wp","href":"https:\/\/api.w.org\/{rel}","templated":true}]}}