{"id":28,"date":"2010-09-30T00:10:56","date_gmt":"2010-09-29T22:10:56","guid":{"rendered":"http:\/\/elmonasteriodelcobro.com\/?page_id=28"},"modified":"2016-11-18T20:04:22","modified_gmt":"2016-11-18T18:04:22","slug":"banco-de-datos-bei","status":"publish","type":"page","link":"https:\/\/elmonasteriodelcobro.com\/index.php\/banco-de-datos-bei\/","title":{"rendered":"Banco de Datos ( B.E.I.)"},"content":{"rendered":"<h4><a href=\"http:\/\/elmonasteriodelcobro.com\/index.php\/informes-gratis\/\">BANCO EJECUTIVO DE IMPAGADOS (B.E.I)<\/a><\/h4>\n<p>Le informamos por v\u00eda telef\u00f3nica de cualquier Persona F\u00edsica, Sociedad o Empresa, indic\u00e1ndoles si est\u00e1 en nuestro <a href=\"http:\/\/elmonasteriodelcobro.com\/index.php\/informes-gratis\/\"><strong>Banco de Datos<\/strong><\/a> y porqu\u00e9 est\u00e1 incluido en \u00e9l.<\/p>\n<p>Nuestro Banco de Datos incluye :<\/p>\n<ul>\n<li>Todas las personas o empresas contra las que hemos sido contratados.<\/li>\n<li>Todas las personas o empresas que hayan devuelto letras.<\/li>\n<li>Todas las personas o empresas que hayan incurrido en alg\u00fan proceso legal relacionado con el incumplimiento de sus obligaciones de pago. (incidencias judiciales).<\/li>\n<\/ul>\n<p align=\"center\"><a title=\"INFORMES GRATIS\" href=\"http:\/\/elmonasteriodelcobro.com\/index.php\/informes-gratis\/\"><strong>Nuestro Banco de datos es la mejor pol\u00edtica preventiva contra los morosos.<\/strong><\/a><\/p>\n<p align=\"center\">El Monasterio del Cobro trabaja con un m\u00e9todo totalmente innovador y eficaz.<\/p>\n<p align=\"center\"><a href=\"http:\/\/elmonasteriodelcobro.com\/wp-content\/uploads\/motomonasterio.gif\"><img fetchpriority=\"high\" decoding=\"async\" class=\"alignleft size-full wp-image-821\" src=\"http:\/\/elmonasteriodelcobro.com\/wp-content\/uploads\/motomonasterio.gif\" alt=\"motomonasterio\" width=\"750\" height=\"200\" \/><\/a><\/p>\n","protected":false},"excerpt":{"rendered":"<p>BANCO EJECUTIVO DE IMPAGADOS (B.E.I) Le informamos por v\u00eda telef\u00f3nica de cualquier Persona F\u00edsica, Sociedad o Empresa, indic\u00e1ndoles si est\u00e1 en nuestro Banco de Datos y porqu\u00e9 est\u00e1 incluido en \u00e9l. Nuestro Banco de Datos incluye : Todas las personas &hellip; <a href=\"https:\/\/elmonasteriodelcobro.com\/index.php\/banco-de-datos-bei\/\">Sigue leyendo <span class=\"meta-nav\">&rarr;<\/span><\/a><\/p>\n","protected":false},"author":1,"featured_media":0,"parent":0,"menu_order":9,"comment_status":"closed","ping_status":"closed","template":"","meta":{"footnotes":""},"class_list":["post-28","page","type-page","status-publish","hentry"],"_links":{"self":[{"href":"https:\/\/elmonasteriodelcobro.com\/index.php\/wp-json\/wp\/v2\/pages\/28","targetHints":{"allow":["GET"]}}],"collection":[{"href":"https:\/\/elmonasteriodelcobro.com\/index.php\/wp-json\/wp\/v2\/pages"}],"about":[{"href":"https:\/\/elmonasteriodelcobro.com\/index.php\/wp-json\/wp\/v2\/types\/page"}],"author":[{"embeddable":true,"href":"https:\/\/elmonasteriodelcobro.com\/index.php\/wp-json\/wp\/v2\/users\/1"}],"replies":[{"embeddable":true,"href":"https:\/\/elmonasteriodelcobro.com\/index.php\/wp-json\/wp\/v2\/comments?post=28"}],"version-history":[{"count":5,"href":"https:\/\/elmonasteriodelcobro.com\/index.php\/wp-json\/wp\/v2\/pages\/28\/revisions"}],"predecessor-version":[{"id":1123,"href":"https:\/\/elmonasteriodelcobro.com\/index.php\/wp-json\/wp\/v2\/pages\/28\/revisions\/1123"}],"wp:attachment":[{"href":"https:\/\/elmonasteriodelcobro.com\/index.php\/wp-json\/wp\/v2\/media?parent=28"}],"curies":[{"name":"wp","href":"https:\/\/api.w.org\/{rel}","templated":true}]}}