{"id":137,"date":"2011-06-18T12:06:25","date_gmt":"2011-06-18T10:06:25","guid":{"rendered":"http:\/\/elmonasteriodelcobro.com\/?page_id=137"},"modified":"2016-08-06T14:47:09","modified_gmt":"2016-08-06T12:47:09","slug":"informes-gratis","status":"publish","type":"page","link":"https:\/\/elmonasteriodelcobro.com\/index.php\/informes-gratis\/","title":{"rendered":"INFORMES GRATIS"},"content":{"rendered":"<table style=\"width: 842px; height: 56px;\" border=\"0\" cellspacing=\"0\" cellpadding=\"2\">\n<tbody>\n<tr>\n<td style=\"text-align: center;\" align=\"center\" valign=\"center\" bgcolor=\"#000033\"><span style=\"color: #ffffff; font-size: 18pt;\">Empresas publicadas en el Bolet\u00edn Oficial del Registro Mercantil de Espa\u00f1a.\u00a0<\/span><\/td>\n<\/tr>\n<\/tbody>\n<\/table>\n<div id=\"video\"><\/div>\n<div id=\"cajita\" align=\"center\">Opciones del Men\u00fa :\u00a0<a href=\"http:\/\/informesgratis.es\/src\/acerca-de.php.htm\">[ Acerca de ]<\/a> \u00b7\u00a0<a href=\"http:\/\/informesgratis.es\/src\/contactar.php.htm\">[ Contacto ]<\/a> \u00b7\u00a0<a href=\"http:\/\/informesgratis.es\/index.htm\">[ Cerrar Sesi\u00f3n ]<\/a> \u00b7<\/div>\n<p><center><img decoding=\"async\" class=\" size-full wp-image-133\" src=\"http:\/\/elmonasteriodelcobro.com\/wp-content\/uploads\/2011\/06\/Registro_clientes.gif\" alt=\"\" width=\"50\" height=\"50\" \/><\/center><center><\/center><center><\/center><\/p>\n<div id=\"cajita\" align=\"center\">\n<p style=\"text-align: center;\"><span style=\"color: #000080; font-size: 18pt; font-family: 'arial black', sans-serif;\"><strong><span class=\"Estilo2\">Introduzca en el recuadro de abajo el <span style=\"text-decoration: underline;\">Nombre de la Empresa<\/span><\/span><\/strong><\/span><\/p>\n<p style=\"text-align: center;\"><span style=\"color: #000080; font-size: 18pt; font-family: 'arial black', sans-serif;\"><strong><span class=\"Estilo2\"> sin las siglas finales <span class=\"Estilo6\">(S.L.;S.A; S.A.L etc.)<\/span><\/span> <span class=\"Estilo8\">:<\/span><\/strong><\/span><\/p>\n<form id=\"motor\" action=\"http:\/\/informesgratis.es\/src\/consultarpiperpa19.php\" method=\"post\" name=\"motor\"><center><br \/>\n<span style=\"font-size: 18pt; font-family: 'arial black', sans-serif;\"> <input maxlength=\"85\" name=\"textonuevo\" size=\"85\" type=\"text\" value=\"\" \/><\/span><\/center><center><span style=\"font-size: 18pt; font-family: 'arial black', sans-serif;\"><input name=\"submit\" type=\"submit\" value=\"Buscar\" \/><input name=\"reset\" type=\"reset\" value=\"Limpiar\" \/><\/span><\/center><\/form>\n<\/div>\n<div id=\"cajita\" align=\"center\"><center>__________________________________________________________________________<center><\/center><\/center><\/p>\n<h1><span style=\"color: #000080; font-size: 18pt; font-family: 'arial black', sans-serif;\">Informe de <span style=\"text-decoration: underline;\">Nombramientos<\/span> practicados en empresas espa\u00f1olas. Informaci\u00f3n verificada por el Monasterio del Cobro.<\/span><\/h1>\n<p><span style=\"color: #000080; font-family: 'arial black', sans-serif;\">\u00a0<\/span><br \/>\n<span style=\"color: #000080; font-family: 'arial black', sans-serif; font-size: large;\">\u00a0B\u00fasqueda por <span style=\"text-decoration: underline;\">Nombramiento<\/span>s en la Empresa \u00f3 Sociedad (Administradores, Apoderados, etc.).\u00a0<\/span><\/p>\n<p><center><\/center><span style=\"font-family: arial, helvetica, sans-serif; font-size: 10pt;\">Esta opci\u00f3n localiza a nombramientos (Administradores, apoderados, etc.), de empresas que contengan datos registrados en el BORME.<\/span><\/p>\n<p><center><span style=\"font-family: arial, helvetica, sans-serif; font-size: 10pt;\"><b>Introduzca los Apellidos de la persona que pueda formar parte de una Empresa (APELLIDOS ANTES DEL NOMBRE)<\/b><\/span><\/center><\/p>\n<div id=\"cajita\" align=\"center\">\n<form id=\"motor\" action=\"http:\/\/informesgratis.es\/src\/consultarNombramientosX.php\" method=\"post\" name=\"motor\"><center><br \/>\n<span style=\"font-size: 18pt;\"><input maxlength=\"85\" name=\"textonuevo\" size=\"85\" type=\"text\" value=\"\" \/><\/span><\/center><center><span style=\"font-size: 18pt;\"><input name=\"submit\" type=\"submit\" value=\"Buscar\" \/><input name=\"reset\" type=\"reset\" value=\"Limpiar\" \/><\/span><\/center><\/form>\n<\/div>\n<div id=\"cajita\" align=\"center\"><center>__________________________________________________________________________<\/center><\/div>\n<p>&nbsp;<\/p>\n<form action=\"http:\/\/informesgratis.es\/src\/consultarPlantilla4_acre.php\" method=\"POST\" name=\"motor7\"><\/form>\n<p><a href=\"http:\/\/informesgratis.es\/src\/acreedores.htm\"><img decoding=\"async\" src=\"http:\/\/informesgratis.es\/images\/concursos.gif\" alt=\"Novedad Acreedores\" \/> <\/a><br \/>\n<a href=\"http:\/\/informesgratis.es\/src\/acreedores.htm\"> &gt;<\/a><a href=\"http:\/\/informesgratis.es\/src\/acreedores.htm\">&gt;CONCURSO DE ACREEDORES&lt;&lt; <\/a><\/p>\n<p><center><img decoding=\"async\" src=\"http:\/\/www.informesgratis.es\/img\/logogrande.jpg\" alt=\"logo\" \/><\/center><center><iframe title=\"Alexa\" src=\"http:\/\/www.pagerankgo.com\/alexa\/results2.php?url=www.informesgratis.es\" width=\"160\" height=\"40\" frameborder=\"0\" scrolling=\"No\"> <\/iframe><\/center>Telf. Atenci\u00f3n al Cliente <strong>91.556.32.11<\/strong><br \/>\n\u00a9 informesgratis.es QUALITY STERLYN SL<br \/>\nPaseo de la Castellana, n\u00ba 129 &#8211; 28046-Madrid<br \/>\nCIF. B-85929560 .Inscrita en el Registro Mercantil de Madrid al Tomo 27648, Folio 171 Hoja M-498232<br \/>\ninformesgratis.es 2011. Espa\u00f1a. Todos los derechos reservados.<\/p>\n<p><center><img decoding=\"async\" class=\"\" src=\"http:\/\/informesgratis.es\/img\/listados1.jpg\" alt=\"listados\" width=\"140\" height=\"128\" \/><\/center><span class=\"btn1\"><a href=\"..\/..\/..\/webinformesgratisDREAMWEAVER\/src=\">[ CERRAR SESION ]<\/a><\/span><\/p>\n<div id=\"footer-content\">\n<p style=\"text-align: justify;\"><span style=\"font-size: xx-small; color: #000080;\"> La informaci\u00f3n del presente informe procede de la base de datos de INFORMES GRATIS (QUALITY STERLYN, S.L.). Si considera que hay alg\u00fan dato err\u00f3neo puede solicitar su rectificaci\u00f3n dirigi\u00e9ndose al\u00a0Departamento Comercial de <strong>INFORMES GRATIS (QUALITY STERLYN, S.L.).<\/strong> Paseo de la Castellana, 129 .28046-MADRID. El presente Informe es para uso interno y no puede ser reproducido,\u00a0publicado o redistribuido, parcial ni totalmente, de forma alguna sin la autorizaci\u00f3n expresa de <strong>INFORMES GRATIS (QUALITY STERLYN, S.L.)..<\/strong> Debido al gran volumen de informaci\u00f3n utilizadas para\u00a0la elaboraci\u00f3n del presente Informe, INFORMES GRATIS (QUALITY STERLYN, S.L.). No garantiza la correcci\u00f3n absoluta de la informaci\u00f3n, ni se hace responsable de su uso para una finalidad en concreto.\u00a0Asimismo le indicamos que el presente Informe no puede ser el \u00fanico elemento a tener en cuenta para su toma de decisiones. La informaci\u00f3n sobre personas f\u00edsicas contenida\u00a0en el presente Informe hace referencia \u00fanicamente a su actividad empresarial o profesional y debe ser utilizada exclusivamente en el marco de la empresa a la que representan\u00a0o prestan sus servicios. <\/span><\/p>\n<\/div>\n<hr \/>\n<div id=\"footer\">\n<p style=\"text-align: center;\">Copyright (c) 2011 informesgratis.es &#8211; Todos los derechos reservados.<\/p>\n<\/div>\n<p style=\"text-align: center;\"><!--\n<?\n$mes = Date(\"m\");\n$anio = Date(\"Y\");\n$dia = Date(\"d\");\n$days = cal_days_in_month(CAL_GREGORIAN, $mes, $anio);\n$days2Use = array();\nfor ($x=1; $x<=$days; $x++) $days2Use[] = $x;\n\n$jd = GregorianToJD($mes,1,$anio);\n$dayWeek = jddayofweek($jd,0);\n\/*$v son los primeros DIAS*\/\n$v = 7 - $dayWeek;\n$start = ($dayWeek == 0) ? false : true;\n\nif ($v < 7) {\n$m = 1;\n$preDays2Use = array_filter($days2Use,'splitDays');\n\/*preparamos para mostrar*\/\n$rest = 7 - count($preDays2Use);\n$fDays2Use = array();\nfor ($y = 1; $y <= $rest; $y++) $fDays2Use[] = '&nbsp;'; foreach ($preDays2Use AS $k => $v) $fDays2Use[] = $v;\n}\n$m = 0;\n$days2Use = array_filter($days2Use,'splitDays');\nfunction splitDays($d) {\nglobal $v, $start, $m;\n$com = ($m) ? ($d > $v) : ($d <= $v); if (($com) AND ($start)) return false; return true; } $totRestDays = count($days2Use); $pre = $totRestDays % 7; if ($pre == 0) $top = $totRestDays \/ 7; else { $top = ($totRestDays \/ 7) + 1; $top = floor($top); } $spDays = array(\"Dom\",\"Lun\",\"Mar\",\"Mie\",\"Jue\",\"Vie\",\"Sab\"); ?>\n\n\n<table cellpadding=\"0\" cellspacing=\"2\" width=\"200\" border=\"0\" style=\"text-align: center;\">\n\n\n<tr height=\"17\">\n  <?foreach($spDays AS $dd) echo '\n\n\n<th bgstyle=\"color:#4069B1\" scope=\"col\">'.$dd.'<\/th>\n\n\n';?><\/tr>\n\n\n<?\nif ($v < 7) { ?>\n\n\n<tr><? foreach ($fDays2Use AS $k => $v) echo '\n\n\n<td bgstyle=\"color:#F0F5FF\">'.$v.'<\/td>\n\n\n';\n?>\n\n\n<tr><?\n}\nreset($days2Use);\nfor ($x = 1; $x <= $top;$x++) { $bgcolor = ($x % 2) ? FFFFFF : F0F5FF; ?>\n\n\n<tr><?\nfor ($p = 1; $p <= 7;$p++) { ?>\n\n\n<td bgstyle=\"color:#<?=$bgcolor?>\"><?=(current($days2Use)) ? current($days2Use) : \"&nbsp;\"?><\/td>\n\n\n<? next($days2Use); } ?><\/tr>\n\n\n<? } ?><\/table>\n\n\n&nbsp;\n\n<font class=\"current\">\n<? $nommes = array(\"Enero\", \"Febrero\", \"Marzo\", \"Abril\", \"Mayo\", \"Junio\", \"Julio\", \"Agosto\", \"Septiembre\", \"Octubre\", \"Noviembre\", \"Diciembre\"); $nomdia = array(\"Domingo\", \"Lunes\", \"Martes\", \"Miercoles\", \"Jueves\", \"Viernes\", \"Sabado\"); $dia = date(j); $mes = date(n); $diasemana = date(w); $hoy = $nomdia[$diasemana].\" \".$dia.\" de \".$nommes[$mes-1].\" \".date(Y).\"\"; echo $hoy; ?>\n\n<\/font>\n\n--><\/p>\n<hr \/>\n<p>&nbsp;<\/p>\n<hr \/>\n<\/div>\n<h2><\/h2>\n","protected":false},"excerpt":{"rendered":"<p>Empresas publicadas en el Bolet\u00edn Oficial del Registro Mercantil de Espa\u00f1a.\u00a0 Opciones del Men\u00fa :\u00a0[ Acerca de ] \u00b7\u00a0[ Contacto ] \u00b7\u00a0[ Cerrar Sesi\u00f3n ] \u00b7 Introduzca en el recuadro de abajo el Nombre de la Empresa sin las siglas &hellip; <a href=\"https:\/\/elmonasteriodelcobro.com\/index.php\/informes-gratis\/\">Sigue leyendo <span class=\"meta-nav\">&rarr;<\/span><\/a><\/p>\n","protected":false},"author":1,"featured_media":132,"parent":0,"menu_order":1,"comment_status":"closed","ping_status":"closed","template":"","meta":{"footnotes":""},"class_list":["post-137","page","type-page","status-publish","has-post-thumbnail","hentry"],"_links":{"self":[{"href":"https:\/\/elmonasteriodelcobro.com\/index.php\/wp-json\/wp\/v2\/pages\/137","targetHints":{"allow":["GET"]}}],"collection":[{"href":"https:\/\/elmonasteriodelcobro.com\/index.php\/wp-json\/wp\/v2\/pages"}],"about":[{"href":"https:\/\/elmonasteriodelcobro.com\/index.php\/wp-json\/wp\/v2\/types\/page"}],"author":[{"embeddable":true,"href":"https:\/\/elmonasteriodelcobro.com\/index.php\/wp-json\/wp\/v2\/users\/1"}],"replies":[{"embeddable":true,"href":"https:\/\/elmonasteriodelcobro.com\/index.php\/wp-json\/wp\/v2\/comments?post=137"}],"version-history":[{"count":20,"href":"https:\/\/elmonasteriodelcobro.com\/index.php\/wp-json\/wp\/v2\/pages\/137\/revisions"}],"predecessor-version":[{"id":1056,"href":"https:\/\/elmonasteriodelcobro.com\/index.php\/wp-json\/wp\/v2\/pages\/137\/revisions\/1056"}],"wp:featuredmedia":[{"embeddable":true,"href":"https:\/\/elmonasteriodelcobro.com\/index.php\/wp-json\/"}],"wp:attachment":[{"href":"https:\/\/elmonasteriodelcobro.com\/index.php\/wp-json\/wp\/v2\/media?parent=137"}],"curies":[{"name":"wp","href":"https:\/\/api.w.org\/{rel}","templated":true}]}}