{"id":11,"date":"2006-10-13T10:00:00","date_gmt":"2006-10-13T08:00:00","guid":{"rendered":"http:\/\/elmonasteriodelcobro.com\/?page_id=3"},"modified":"2025-07-16T15:44:12","modified_gmt":"2025-07-16T13:44:12","slug":"cobro-morosos-monasterio-del-cobro","status":"publish","type":"page","link":"https:\/\/elmonasteriodelcobro.com\/index.php\/cobro-morosos-monasterio-del-cobro\/","title":{"rendered":"Cobro de morosos en El Monasterio del Cobro"},"content":{"rendered":"\n<p><span style=\"font-family: helvetica, arial, sans-serif; color: #000080;\">Bienvenidos al Monasterio del Cobro. Somos la empresa de cobro de morosos m\u00e1s eficaz de Espa\u00f1a.<\/span><br>\n<span style=\"font-family: helvetica, arial, sans-serif; color: #000080;\"> Trabajamos en todo el territorio nacional desde hace m\u00e1s de 28 a\u00f1os. Nuestros resultados en cobro extrajudicial y cobro judicial est\u00e1n avalados por las mejores empresas espa\u00f1olas.Nuestros honorarios dependen del tipo de deuda (morosidad o impagados), de la documentaci\u00f3n aportada (ejecutiva o declarativa), del tiempo transcurrido desde el impago, de si se trata de una empresa morosa o un particular moroso, de la cuant\u00eda de la deuda, y sobre todo de la viabilidad del cobro.<\/span><br>\n<span style=\"font-family: helvetica, arial, sans-serif; color: #000080;\"> Visitamos a sus morosos en cualquier lugar de Espa\u00f1a.<\/span><\/p>\n\n\n<div class=\"wp-block-image\">\n<figure class=\"aligncenter\"><img decoding=\"async\" src=\"http:\/\/elmonasteriodelcobro.com\/wp-content\/uploads\/cochesdelmonasterio.jpg\" alt=\"cobro de morosos\" class=\"wp-image-1\" title=\"cobro de morosos\"\/><\/figure>\n<\/div>\n\n\n<div style=\"text-align: justify;\">\n<address><span style=\"font-family: helvetica, arial, sans-serif; font-size: 12pt;\">&nbsp;<\/span><\/address>\n<address><\/address>\n<\/div>\n\n\n\n<p>&nbsp;<\/p>\n\n\n\n<p><span style=\"color: #000080; font-family: helvetica, arial, sans-serif; font-size: 12pt;\">Rellene nuestro formulario de contacto y un comercial de nuestra empresa se pondr\u00e1 en contacto con ustedes a la mayor brevedad posible.<\/span><\/p>\n\n\n\n<div><span style=\"color: #000080; font-family: helvetica, arial, sans-serif; font-size: 12pt;\">Email: info@elmonasteriodelcobro.com &nbsp; &nbsp; &nbsp; &nbsp; &nbsp;<\/span><span style=\"color: #000080; font-family: helvetica, arial, sans-serif; font-size: 12pt;\">&nbsp; &nbsp; &nbsp; &nbsp; &nbsp; &nbsp; &nbsp; &nbsp; &nbsp; &nbsp; &nbsp;&nbsp;<strong><span style=\"font-size: 10pt;\">Para Informe&nbsp;<\/span><\/strong><\/span><strong><span style=\"color: #000080; font-family: helvetica, arial, sans-serif; font-size: 10pt;\">Gratis.<\/span><\/strong><\/div>\n\n\n\n<div><span style=\"color: #000080; font-family: helvetica, arial, sans-serif; font-size: 12pt;\"><strong><span style=\"font-size: 10pt;\">&nbsp; &nbsp; &nbsp; &nbsp; &nbsp; &nbsp; &nbsp; &nbsp; &nbsp; &nbsp; &nbsp; &nbsp; &nbsp; &nbsp; &nbsp; &nbsp; &nbsp; &nbsp; &nbsp; &nbsp; &nbsp; &nbsp; &nbsp; &nbsp; &nbsp; &nbsp; &nbsp; &nbsp; &nbsp; &nbsp; &nbsp; &nbsp; &nbsp; &nbsp; &nbsp; &nbsp; &nbsp; &nbsp; &nbsp; &nbsp; &nbsp; &nbsp; &nbsp; &nbsp; &nbsp; &nbsp; &nbsp; &nbsp; &nbsp; &nbsp; &nbsp; &nbsp; &nbsp; &nbsp; &nbsp;Pulsar Logo &nbsp; &nbsp; &nbsp;<\/span> <\/strong>&nbsp; &nbsp; &nbsp; &nbsp; &nbsp;<\/span><\/div>\n\n\n\n<figure class=\"wp-block-image\"><a href=\"http:\/\/elmonasteriodelcobro.com\/index.php\/contacto\/\"><img decoding=\"async\" src=\"http:\/\/elmonasteriodelcobro.com\/wp-content\/uploads\/CONTACTOverdepistacho5x5.jpg\" alt=\"contacto\" class=\"wp-image-597\"\/><\/a><\/figure>\n\n\n\n<figure class=\"wp-block-image\"><a href=\"http:\/\/elmonasteriodelcobro.com\/index.php\/informes-gratis\/\"><img decoding=\"async\" width=\"85\" height=\"128\" src=\"http:\/\/elmonasteriodelcobro.com\/wp-content\/uploads\/logofondoazulcapas3.jpg\" alt=\"\" class=\"wp-image-1040\"\/><\/a><\/figure>\n\n\n\n<figure class=\"wp-block-image\"><a href=\"http:\/\/elmonasteriodelcobro.com\/index.php\/presentacion-la-empresa\/\"><img decoding=\"async\" src=\"http:\/\/elmonasteriodelcobro.com\/wp-content\/uploads\/QuienesSOMOSverdepistacho5x5.jpg\" alt=\"quienes somos\" class=\"wp-image-694\"\/><\/a><\/figure>\n\n\n\n<p>&nbsp; &nbsp; &nbsp; &nbsp; &nbsp; &nbsp; &nbsp; &nbsp; &nbsp; &nbsp; &nbsp; &nbsp; &nbsp; &nbsp; &nbsp; &nbsp; &nbsp; &nbsp;&nbsp;<\/p>\n\n\n\n<p><span style=\"color: #000080; font-family: helvetica, arial, sans-serif; font-size: 12pt;\">Si lo prefiere puede ponerse en contacto con nosotros a trav\u00e9s del tel\u00e9fono 915563211 \/902998149, o vis\u00edtenos&nbsp;en cualquiera de nuestras delegaciones.<\/span><\/p>\n\n\n\n<p>&nbsp;<\/p>\n\n\n\n<figure class=\"wp-block-table\"><table class=\"has-fixed-layout\"><tbody><tr><td>\n<p style=\"text-align: justify;\"><span style=\"font-size: 12pt; font-family: helvetica, arial, sans-serif; color: #000080;\">&nbsp;<strong>EL MONASTERIO DEL COBRO<\/strong> es una empresa que tiene como actividad principal el recobro de impagados y el cobro de morosos, principalmente por v\u00eda extrajudicial, por supuesto dentro del marco de la legalidad vigente y sin renunciar a la v\u00eda judicial en los casos que el estudio del expediente as\u00ed lo aconseje.&nbsp;<\/span><\/p>\n<p style=\"text-align: justify;\"><span style=\"font-size: 12pt; font-family: helvetica, arial, sans-serif; color: #000080;\">La raz\u00f3n por la que la v\u00eda extrajudicial es la pr\u00e1ctica m\u00e1s frecuente en&nbsp;nuestra actividad, est\u00e1 basada, en la misma que justifica la existencia de empresas como la nuestra, pues en la mayor\u00eda de los casos nuestros clientes han finalizado sus gestiones de cobro sin conseguir resultados favorables, y un considerable aumento de gastos y tiempo desperdiciado.<\/span><\/p>\n<\/td><td><span style=\"font-size: 12pt; font-family: helvetica, arial, sans-serif; color: #000080;\">&nbsp;<\/span><\/td><td>\n<h2 style=\"text-align: center;\"><span style=\"font-size: 12pt; font-family: helvetica, arial, sans-serif; color: #000080;\">Metodolog\u00eda de trabajo en el cobro de morosos:<\/span><\/h2>\n<ol>\n<li style=\"text-align: justify;\"><span style=\"font-size: 12pt; font-family: helvetica, arial, sans-serif; color: #000080;\">&nbsp;Contratada la deuda de nuestro cliente, se procede a estudiar la documentaci\u00f3n facilitada por el mismo, para comprobar su veracidad y el derecho leg\u00edtimo a proceder a su reclamaci\u00f3n.<\/span><\/li>\n<li style=\"text-align: justify;\"><span style=\"font-size: 12pt; font-family: helvetica, arial, sans-serif; color: #000080;\">Finalizada la fase anterior, procederemos a la adjudicaci\u00f3n de los expedientes y el encargo de iniciar las gestiones de cobro, bien al departamento jur\u00eddico que iniciar\u00e1 las acciones correspondientes o bien al<\/span><\/li>\n<\/ol>\n<\/td><td><span style=\"font-size: 12pt; font-family: helvetica, arial, sans-serif; color: #000080;\">&nbsp;<\/span><\/td><td>\n<p style=\"padding-left: 30px; text-align: justify;\"><span style=\"font-size: 12pt; font-family: helvetica, arial, sans-serif; color: #000080;\">departamento de gesti\u00f3n el cual est\u00e1 compuesto por los gestores de cobro y los \u00abmonjes\u00bb&nbsp;cobradores, utilizando estos \u00faltimos en la realizaci\u00f3n de su trabajo un atuendo similar al de los monjes en el siglo XVIII, esta pr\u00e1ctica es la que da origen al nombre de nuestra empresa, y se utiliza en aquellos casos en los que el deudor no admita una soluci\u00f3n pactada.<\/span><\/p>\n<p style=\"padding-left: 30px; text-align: justify;\"><span style=\"font-size: 12pt; font-family: helvetica, arial, sans-serif; color: #000080;\">3. &nbsp; &nbsp; Una vez cobrada la deuda, se &nbsp; &nbsp; proceder\u00e1 al pago inmediato a nuestros clientes de las cantidades que les correspondan seg\u00fan contrato.<\/span><\/p>\n<\/td><\/tr><\/tbody><\/table><\/figure>\n\n\n\n<p class=\"has-text-align-center\">&nbsp;<strong><a href=\"https:\/\/elmonasteriodelcobro.com\/index.php\/aviso-legal\/\">Aviso Legal<\/a><\/strong><\/p>\n\n\n\n<div class=\"mceItemVisualAid mceItemLayer\" style=\"position: absolute; left: 10px; top: 20px; width: 100px; height: 100px;\">\n<p style=\"text-align: center;\"><span style=\"color: #000080; font-family: helvetica, arial, sans-serif; font-size: 12pt;\">&nbsp;<\/span><\/p>\n<p style=\"text-align: center;\"><span style=\"color: #000080; font-family: helvetica, arial, sans-serif; font-size: 12pt;\">&nbsp; &nbsp; &nbsp; &nbsp; &nbsp; &nbsp; &nbsp; &nbsp; &nbsp; &nbsp; &nbsp; &nbsp; &nbsp; &nbsp; &nbsp; &nbsp; &nbsp; &nbsp; &nbsp; &nbsp; &nbsp; &nbsp; &nbsp; &nbsp; &nbsp;&nbsp;<\/span><\/p>\n<\/div>\n","protected":false},"excerpt":{"rendered":"<p>Bienvenidos al Monasterio del Cobro. Somos la empresa de cobro de morosos m\u00e1s eficaz de Espa\u00f1a. Trabajamos en todo el territorio nacional desde hace m\u00e1s de 28 a\u00f1os. Nuestros resultados en cobro extrajudicial y cobro judicial est\u00e1n avalados por las &hellip; <a href=\"https:\/\/elmonasteriodelcobro.com\/index.php\/cobro-morosos-monasterio-del-cobro\/\">Sigue leyendo <span class=\"meta-nav\">&rarr;<\/span><\/a><\/p>\n","protected":false},"author":1,"featured_media":138,"parent":0,"menu_order":15,"comment_status":"closed","ping_status":"closed","template":"","meta":{"footnotes":""},"class_list":["post-11","page","type-page","status-publish","has-post-thumbnail","hentry"],"_links":{"self":[{"href":"https:\/\/elmonasteriodelcobro.com\/index.php\/wp-json\/wp\/v2\/pages\/11","targetHints":{"allow":["GET"]}}],"collection":[{"href":"https:\/\/elmonasteriodelcobro.com\/index.php\/wp-json\/wp\/v2\/pages"}],"about":[{"href":"https:\/\/elmonasteriodelcobro.com\/index.php\/wp-json\/wp\/v2\/types\/page"}],"author":[{"embeddable":true,"href":"https:\/\/elmonasteriodelcobro.com\/index.php\/wp-json\/wp\/v2\/users\/1"}],"replies":[{"embeddable":true,"href":"https:\/\/elmonasteriodelcobro.com\/index.php\/wp-json\/wp\/v2\/comments?post=11"}],"version-history":[{"count":88,"href":"https:\/\/elmonasteriodelcobro.com\/index.php\/wp-json\/wp\/v2\/pages\/11\/revisions"}],"predecessor-version":[{"id":1212,"href":"https:\/\/elmonasteriodelcobro.com\/index.php\/wp-json\/wp\/v2\/pages\/11\/revisions\/1212"}],"wp:featuredmedia":[{"embeddable":true,"href":"https:\/\/elmonasteriodelcobro.com\/index.php\/wp-json\/"}],"wp:attachment":[{"href":"https:\/\/elmonasteriodelcobro.com\/index.php\/wp-json\/wp\/v2\/media?parent=11"}],"curies":[{"name":"wp","href":"https:\/\/api.w.org\/{rel}","templated":true}]}}