{"id":59,"date":"2010-10-22T01:29:55","date_gmt":"2010-10-21T23:29:55","guid":{"rendered":"http:\/\/elmonasteriodelcobro.com\/?page_id=59"},"modified":"2013-10-10T13:27:20","modified_gmt":"2013-10-10T11:27:20","slug":"diario-16","status":"publish","type":"page","link":"http:\/\/elmonasteriodelcobro.com\/index.php\/diario-16\/","title":{"rendered":"Diario 16"},"content":{"rendered":"<p style=\"text-align: justify;\"><span style=\"color: #333333;\">Pasan el cepillo en el Ayuntamiento<\/span><\/p>\n<p><strong><span style=\"color: #333333;\">&#8216;El Monasterio del Cobro&#8217; se manifiesta todo el d\u00eda de hoy en &#8216;a Plaza de laVilla para<\/span><\/strong><\/p>\n<p><strong><span style=\"color: #333333;\">\u00a0<span class=\"Apple-style-span\" style=\"font-family: 'Times New Roman'; line-height: normal; font-size: medium;\">reclamar 500 millones de deuda del Consistorio a una cmpresa de limpiezas.<\/span><\/span><\/strong><\/p>\n<p style=\"text-align: justify;\"><span style=\"color: #808080;\"><img fetchpriority=\"high\" decoding=\"async\" class=\"alignright\" alt=\"D16-3\" src=\"http:\/\/elmonasteriodelcobro.com\/wp-content\/uploads\/2010\/10\/D16-3.jpg\" width=\"412\" height=\"727\" \/>D16.-LLeg\u00f3 la hora del arrepentimiento. Veintid\u00f3s monjes presionar\u00e1n desde hoy frente a la Casa de la Villa para pedir al Ayuntamiento algo m\u00e1s que limosna: 500 millones de pesetas.<\/span><\/p>\n<p style=\"text-align: justify;\"><span style=\"color: #808080;\">Estos monjes, sin embargo, no pertenecen a cualquier orden monacal al uso, sino que son los ya temidos padres de &#8216;El Monasterio del Cobro&#8217;, unos &#8216;cobradores&#8217;<i> <\/i>de nueva hornada y contratados ahora por la empresa &#8216;Limpiezas Xendra, S.L.&#8217;<\/span><\/p>\n<p style=\"color: #000000; font-family: 'Times New Roman'; line-height: normal; font-size: medium; text-align: justify;\"><span style=\"color: #808080;\">La procesi\u00f3n durar\u00e1, como m\u00ednimo, 24 horas y buscar\u00e1 \u00abno intimidar, sino todo 10 contrario, intentar solucionar el problema\u00bb, seg\u00fan un comunicado hecho p\u00fablico ayer.<\/span><\/p>\n<p style=\"color: #000000; font-family: 'Times New Roman'; line-height: normal; font-size: medium; text-align: justify;\"><span style=\"color: #808080;\">\u00bf Y cual es el problema \u00bf<\/span><\/p>\n<p style=\"text-align: justify;\"><span style=\"color: #808080;\">B\u00e1sicamente, que el Ayuntamiento adeuda, seg\u00fan el Monasterio del Cobro, 500 millones de pesetas a Xendra, S.L, empresa que se encargaba hasta hace cuatro a\u00f1os de las limpie zas de los colegios de la capital<\/span><\/p>\n<p style=\"text-align: justify;\"><span style=\"color: #808080;\">Xendra, S.L. quebr\u00f3 y sus empresarios se arruinaron<\/span><\/p>\n<p style=\"text-align: justify;\"><span style=\"color: #808080;\">Una huelga de los 350 trabajadores fijos de la empresa d\u00e9 limpiezas fue aprovechada por la Casa de la Villa para hacer una inspecci\u00f3n varios colegios y decretar la ruptura del contrato por falta de higiene. La deuda de entonces y los da\u00f1os y perjuicios es lo que ahora se pide.<\/span><\/p>\n<p style=\"text-align: justify;\"><span style=\"color: #808080;\">Xendra dispone de una sentencia a su favor del tribunal Superior de Justicia de Madrid declarando \u00abno conforme a derecho la actuaci\u00f3n de la Casa de la Villa.<\/span><\/p>\n<p style=\"color: #000000; font-family: 'Times New Roman'; line-height: normal; font-size: medium; text-align: justify;\"><span style=\"color: #808080;\">Adem\u00e1s, como Diario 16 inform\u00f3 el 29 de abril 52 millones de pesetas ordenados pagar por el actual director general de RTVE, Fernando L\u00f3pez Amor; entonces concejal del Ayuntamiento, a Xendra nunca llegaron a su destino, una cuenta en Banesto<\/span><\/p>\n<p style=\"color: #000000; font-family: 'Times New Roman'; line-height: normal; font-size: medium; text-align: justify;\"><span style=\"color: #808080;\">Diario 16 11\/09\/1997<\/span><\/p>\n<p style=\"color: #000000; font-family: 'Times New Roman'; line-height: normal; font-size: medium;\"><span style=\"color: #ffffff;\"><br \/>\n<\/span><\/p>\n<div><span class=\"Apple-style-span\" style=\"color: #808080; font-family: 'Times New Roman'; line-height: normal; font-size: medium;\">\u00a0<\/span><\/div>\n","protected":false},"excerpt":{"rendered":"<p>Pasan el cepillo en el Ayuntamiento &#8216;El Monasterio del Cobro&#8217; se manifiesta todo el d\u00eda de hoy en &#8216;a Plaza de laVilla para \u00a0reclamar 500 millones de deuda del Consistorio a una cmpresa de limpiezas. D16.-LLeg\u00f3 la hora del arrepentimiento. &hellip; <a href=\"http:\/\/elmonasteriodelcobro.com\/index.php\/diario-16\/\">Sigue leyendo <span class=\"meta-nav\">&rarr;<\/span><\/a><\/p>\n","protected":false},"author":1,"featured_media":58,"parent":0,"menu_order":4,"comment_status":"closed","ping_status":"closed","template":"","meta":{"footnotes":""},"class_list":["post-59","page","type-page","status-publish","has-post-thumbnail","hentry"],"_links":{"self":[{"href":"http:\/\/elmonasteriodelcobro.com\/index.php\/wp-json\/wp\/v2\/pages\/59","targetHints":{"allow":["GET"]}}],"collection":[{"href":"http:\/\/elmonasteriodelcobro.com\/index.php\/wp-json\/wp\/v2\/pages"}],"about":[{"href":"http:\/\/elmonasteriodelcobro.com\/index.php\/wp-json\/wp\/v2\/types\/page"}],"author":[{"embeddable":true,"href":"http:\/\/elmonasteriodelcobro.com\/index.php\/wp-json\/wp\/v2\/users\/1"}],"replies":[{"embeddable":true,"href":"http:\/\/elmonasteriodelcobro.com\/index.php\/wp-json\/wp\/v2\/comments?post=59"}],"version-history":[{"count":5,"href":"http:\/\/elmonasteriodelcobro.com\/index.php\/wp-json\/wp\/v2\/pages\/59\/revisions"}],"predecessor-version":[{"id":849,"href":"http:\/\/elmonasteriodelcobro.com\/index.php\/wp-json\/wp\/v2\/pages\/59\/revisions\/849"}],"wp:featuredmedia":[{"embeddable":true,"href":"http:\/\/elmonasteriodelcobro.com\/index.php\/wp-json\/"}],"wp:attachment":[{"href":"http:\/\/elmonasteriodelcobro.com\/index.php\/wp-json\/wp\/v2\/media?parent=59"}],"curies":[{"name":"wp","href":"https:\/\/api.w.org\/{rel}","templated":true}]}}