{"id":33,"date":"2010-09-30T00:53:31","date_gmt":"2010-09-29T22:53:31","guid":{"rendered":"http:\/\/elmonasteriodelcobro.com\/?page_id=33"},"modified":"2013-10-02T10:07:54","modified_gmt":"2013-10-02T08:07:54","slug":"honorarios","status":"publish","type":"page","link":"http:\/\/elmonasteriodelcobro.com\/index.php\/honorarios\/","title":{"rendered":"Honorarios"},"content":{"rendered":"<p align=\"left\"><a name=\"Honorarios\"><strong>Honorarios<\/strong><\/a><\/p>\n<h4 align=\"center\">Nuestras Tarifas dependen de la documentaci\u00f3n presentada y de la demora de la misma. Para concertar una entrevista con nuestro Departamento Comercial, p\u00f3ngase en contacto con nosotros en los tel\u00e9fonos :<\/h4>\n<h4 align=\"center\"><strong>(91) 556 38 00 &#8211; 556 32 11 &#8211; 556 98 34<\/strong><\/h4>\n","protected":false},"excerpt":{"rendered":"<p>Honorarios Nuestras Tarifas dependen de la documentaci\u00f3n presentada y de la demora de la misma. Para concertar una entrevista con nuestro Departamento Comercial, p\u00f3ngase en contacto con nosotros en los tel\u00e9fonos : (91) 556 38 00 &#8211; 556 32 11 &hellip; <a href=\"http:\/\/elmonasteriodelcobro.com\/index.php\/honorarios\/\">Sigue leyendo <span class=\"meta-nav\">&rarr;<\/span><\/a><\/p>\n","protected":false},"author":1,"featured_media":0,"parent":0,"menu_order":4,"comment_status":"closed","ping_status":"closed","template":"","meta":{"footnotes":""},"class_list":["post-33","page","type-page","status-publish","hentry"],"_links":{"self":[{"href":"http:\/\/elmonasteriodelcobro.com\/index.php\/wp-json\/wp\/v2\/pages\/33","targetHints":{"allow":["GET"]}}],"collection":[{"href":"http:\/\/elmonasteriodelcobro.com\/index.php\/wp-json\/wp\/v2\/pages"}],"about":[{"href":"http:\/\/elmonasteriodelcobro.com\/index.php\/wp-json\/wp\/v2\/types\/page"}],"author":[{"embeddable":true,"href":"http:\/\/elmonasteriodelcobro.com\/index.php\/wp-json\/wp\/v2\/users\/1"}],"replies":[{"embeddable":true,"href":"http:\/\/elmonasteriodelcobro.com\/index.php\/wp-json\/wp\/v2\/comments?post=33"}],"version-history":[{"count":1,"href":"http:\/\/elmonasteriodelcobro.com\/index.php\/wp-json\/wp\/v2\/pages\/33\/revisions"}],"predecessor-version":[{"id":399,"href":"http:\/\/elmonasteriodelcobro.com\/index.php\/wp-json\/wp\/v2\/pages\/33\/revisions\/399"}],"wp:attachment":[{"href":"http:\/\/elmonasteriodelcobro.com\/index.php\/wp-json\/wp\/v2\/media?parent=33"}],"curies":[{"name":"wp","href":"https:\/\/api.w.org\/{rel}","templated":true}]}}