{"id":27,"date":"2010-09-28T10:52:09","date_gmt":"2010-09-28T08:52:09","guid":{"rendered":"http:\/\/elmonasteriodelcobro.com\/?page_id=27"},"modified":"2013-09-29T23:13:04","modified_gmt":"2013-09-29T21:13:04","slug":"nociones-juridicas","status":"publish","type":"page","link":"http:\/\/elmonasteriodelcobro.com\/index.php\/nociones-juridicas\/","title":{"rendered":"6. Nociones jur\u00eddicas"},"content":{"rendered":"<p style=\"text-align: justify;\"><a name=\"Juridicas\"><strong>Nociones jur\u00eddicas<\/strong> <\/a><\/p>\n<p style=\"text-align: justify;\">Hemos de resaltar la importancia que tiene el acceso a determinados conocimientos  jur\u00eddicos, de cara a nuestro trabajo. En lo referente a la gesti\u00f3n de cobros extrajudicial, la  utilizaci\u00f3n de nociones jur\u00eddicas va encaminada sin duda, a que sirvan de base para poder  apreciar en toda su extensi\u00f3n, la importancia de la documentaci\u00f3n que manejamos, la  trascendencia que pueden tener cualquiera de nuestros actos y sobre todo, la constataci\u00f3n  del hecho de que no hay nada que no pueda recibir un tratamiento jur\u00eddico, ni nada que se  escape a la influencia del ordenamiento vigente.<\/p>\n<p style=\"text-align: justify;\">As\u00ed pues, unas peque\u00f1as nociones, a parte de aumentar nuestros conocimientos de temas  que, por habituales en nuestros expedientes, ya nos son pr\u00f3ximos, habr\u00e1n de servir como  punto de apoyo a la hora de actuar extrajudicialmente. Un equipo de gesti\u00f3n que cumpla  las caracter\u00edsticas antes exigidas, tienen muchas posibilidades de \u00e9xito en la gesti\u00f3n.<\/p>\n","protected":false},"excerpt":{"rendered":"<p>Nociones jur\u00eddicas Hemos de resaltar la importancia que tiene el acceso a determinados conocimientos jur\u00eddicos, de cara a nuestro trabajo. En lo referente a la gesti\u00f3n de cobros extrajudicial, la utilizaci\u00f3n de nociones jur\u00eddicas va encaminada sin duda, a que &hellip; <a href=\"http:\/\/elmonasteriodelcobro.com\/index.php\/nociones-juridicas\/\">Sigue leyendo <span class=\"meta-nav\">&rarr;<\/span><\/a><\/p>\n","protected":false},"author":1,"featured_media":0,"parent":0,"menu_order":9,"comment_status":"closed","ping_status":"closed","template":"","meta":{"footnotes":""},"class_list":["post-27","page","type-page","status-publish","hentry"],"_links":{"self":[{"href":"http:\/\/elmonasteriodelcobro.com\/index.php\/wp-json\/wp\/v2\/pages\/27","targetHints":{"allow":["GET"]}}],"collection":[{"href":"http:\/\/elmonasteriodelcobro.com\/index.php\/wp-json\/wp\/v2\/pages"}],"about":[{"href":"http:\/\/elmonasteriodelcobro.com\/index.php\/wp-json\/wp\/v2\/types\/page"}],"author":[{"embeddable":true,"href":"http:\/\/elmonasteriodelcobro.com\/index.php\/wp-json\/wp\/v2\/users\/1"}],"replies":[{"embeddable":true,"href":"http:\/\/elmonasteriodelcobro.com\/index.php\/wp-json\/wp\/v2\/comments?post=27"}],"version-history":[{"count":1,"href":"http:\/\/elmonasteriodelcobro.com\/index.php\/wp-json\/wp\/v2\/pages\/27\/revisions"}],"predecessor-version":[{"id":421,"href":"http:\/\/elmonasteriodelcobro.com\/index.php\/wp-json\/wp\/v2\/pages\/27\/revisions\/421"}],"wp:attachment":[{"href":"http:\/\/elmonasteriodelcobro.com\/index.php\/wp-json\/wp\/v2\/media?parent=27"}],"curies":[{"name":"wp","href":"https:\/\/api.w.org\/{rel}","templated":true}]}}