{"id":26,"date":"2010-09-28T10:51:13","date_gmt":"2010-09-28T08:51:13","guid":{"rendered":"http:\/\/elmonasteriodelcobro.com\/?page_id=26"},"modified":"2013-09-29T23:13:19","modified_gmt":"2013-09-29T21:13:19","slug":"deudor-persona-juridica","status":"publish","type":"page","link":"http:\/\/elmonasteriodelcobro.com\/index.php\/deudor-persona-juridica\/","title":{"rendered":"5. Deudor persona jur\u00eddica"},"content":{"rendered":"<p style=\"text-align: justify;\"><a name=\"DeudorJuridico\"><strong>Deudor persona jur\u00eddica<\/strong> <\/a><\/p>\n<p style=\"text-align: justify;\">El deudor es una <strong>EMPRESA<\/strong>. Empezaremos por averiguar dos puntos b\u00e1sicos :<\/p>\n<ol style=\"text-align: justify;\">\n<li>\u00bf Qui\u00e9nes son las personas responsables ?<br \/> Coment\u00e1bamos anteriormente que esta informaci\u00f3n nos la proporciona el Registro  Mercantil. La persona que consta en el Registro como \u00faltimo apoderado, gerente o  administrador \u00fanico es la responsable de la empresa y tiene la obligaci\u00f3n legal de  resolver el problema del pago.<\/li>\n<li>\u00bf Est\u00e1 la empresa en actividad ?<br \/> Si est\u00e1 en actividad continuaremos investigando normalmente su situaci\u00f3n financiera  actual, proveedores, clientes, etc. <\/li>\n<\/ol>\n<p style=\"text-align: justify;\">Cuando llegue el momento de visitar hay que procurar hablar siempre con el responsable,  evitando en lo posible los filtros de secretarias y subordinados, que no pueden solucionar  nada.<\/p>\n<p style=\"text-align: justify;\">En caso de estar cerrada, hay que saber en qu\u00e9 situaci\u00f3n legal se encuentra, esto es, si  present\u00f3 suspensi\u00f3n de pagos, quiebra o disoluci\u00f3n, en cuyo caso, poco se puede hacer a  nivel extrajudicial. Pero, como demuestra la experiencia, en la mayor\u00eda de los casos lo  que ha ocurrido es que los responsables de la empresa han cerrado sin m\u00e1s, dejando  deudas.<\/p>\n<p style=\"text-align: justify;\">Si esto es as\u00ed, debemos reclamar la deuda a las personas que figuren como responsables  en el Registro. Hay que tener en cuenta que es requisito indispensable que cualquier  cambio que se produzca en la situaci\u00f3n de la empresa debe estar inscrito en el Registro;  esto es, si el deudor nos dice que la empresa quebr\u00f3 o se disolvi\u00f3 debe saber en que  Juzgado se present\u00f3 el expediente. Si el cierre no se ha producido as\u00ed, la empresa deudora  continua legalmente activa.<\/p>\n<p style=\"text-align: justify;\">Podemos encontrar dos tipos diferentes de deudas:<\/p>\n<ul style=\"text-align: justify;\">\n<li><em>Deuda por compra de mercanc\u00eda.- <\/em>La empresa deudora compra al mayor y vende al  detalle (p.e. ropa) o bien, compra material, lo transforma y vende (p.e. compra acero,  lo transforma y vende remaches). Si la empresa deudora ha comprado mercanc\u00eda, la  ha vendido y no la ha pagado el responsable ha cometido delito de estafa por lo que  podemos denunciarle. Como en casos anteriores, presionaremos con la acci\u00f3n  judicial inmediata. Haremos ver al deudor que una situaci\u00f3n de este tipo puede llegar  a o\u00eddos de sus clientes y proveedores lo que podr\u00eda suponerle el no poder comprar a  cr\u00e9dito y poner en serio peligro la viabilidad de su negocio.<\/li>\n<\/ul>\n<ul style=\"text-align: justify;\">\n<li><em>Deuda por compra de bienes y servicios.-<\/em><em> <\/em>La empresa ha adquirido bienes o  servicios necesarios para su funcionamiento.<br \/> &#8211; Bienes: Mobiliario, ordenadores, maquinaria, etc.<br \/> &#8211; Servicios : Instalaciones, obras, reformas, etc.<br \/> En estos casos, recabaremos informaci\u00f3n suficiente para poder plantear un ejecutivo. <\/li>\n<\/ul>\n<p style=\"text-align: justify;\">Como colof\u00f3n a este <strong>manual te\u00f3rico<\/strong> queremos insistir en la importancia de conseguir una  buena informaci\u00f3n, procurando demostrar la existencia de conducta delictiva por parte del  deudor. Si esto se consigue y el deudor tiene dinero el expediente est\u00e1 cobrado.<\/p>\n","protected":false},"excerpt":{"rendered":"<p>Deudor persona jur\u00eddica El deudor es una EMPRESA. Empezaremos por averiguar dos puntos b\u00e1sicos : \u00bf Qui\u00e9nes son las personas responsables ? Coment\u00e1bamos anteriormente que esta informaci\u00f3n nos la proporciona el Registro Mercantil. La persona que consta en el Registro &hellip; <a href=\"http:\/\/elmonasteriodelcobro.com\/index.php\/deudor-persona-juridica\/\">Sigue leyendo <span class=\"meta-nav\">&rarr;<\/span><\/a><\/p>\n","protected":false},"author":1,"featured_media":0,"parent":0,"menu_order":10,"comment_status":"closed","ping_status":"closed","template":"","meta":{"footnotes":""},"class_list":["post-26","page","type-page","status-publish","hentry"],"_links":{"self":[{"href":"http:\/\/elmonasteriodelcobro.com\/index.php\/wp-json\/wp\/v2\/pages\/26","targetHints":{"allow":["GET"]}}],"collection":[{"href":"http:\/\/elmonasteriodelcobro.com\/index.php\/wp-json\/wp\/v2\/pages"}],"about":[{"href":"http:\/\/elmonasteriodelcobro.com\/index.php\/wp-json\/wp\/v2\/types\/page"}],"author":[{"embeddable":true,"href":"http:\/\/elmonasteriodelcobro.com\/index.php\/wp-json\/wp\/v2\/users\/1"}],"replies":[{"embeddable":true,"href":"http:\/\/elmonasteriodelcobro.com\/index.php\/wp-json\/wp\/v2\/comments?post=26"}],"version-history":[{"count":1,"href":"http:\/\/elmonasteriodelcobro.com\/index.php\/wp-json\/wp\/v2\/pages\/26\/revisions"}],"predecessor-version":[{"id":423,"href":"http:\/\/elmonasteriodelcobro.com\/index.php\/wp-json\/wp\/v2\/pages\/26\/revisions\/423"}],"wp:attachment":[{"href":"http:\/\/elmonasteriodelcobro.com\/index.php\/wp-json\/wp\/v2\/media?parent=26"}],"curies":[{"name":"wp","href":"https:\/\/api.w.org\/{rel}","templated":true}]}}