{"id":25,"date":"2010-09-28T10:50:26","date_gmt":"2010-09-28T08:50:26","guid":{"rendered":"http:\/\/elmonasteriodelcobro.com\/?page_id=25"},"modified":"2013-09-29T23:14:22","modified_gmt":"2013-09-29T21:14:22","slug":"deudor-persona-fisica","status":"publish","type":"page","link":"http:\/\/elmonasteriodelcobro.com\/index.php\/deudor-persona-fisica\/","title":{"rendered":"4. Deudor persona f\u00edsica"},"content":{"rendered":"<p style=\"text-align: justify;\"><a name=\"DeudorFisico\"><strong>Deudor persona f\u00edsica<\/strong> <\/a><\/p>\n<p style=\"text-align: justify;\">Se pueden dividir en dos grupos:<\/p>\n<p style=\"text-align: justify;\"><em>Trabajador por cuenta ajena &#8211; <\/em>Como norma general, el deudor persona f\u00edsica que trabaja  a sueldo puede tener dos tipos diferentes de deuda:<\/p>\n<ul style=\"text-align: justify;\">\n<li><em>Deuda de familia.- <\/em>Se han adquirido bienes o servicios para el disfrute de la familia:  Muebles &#8211; Autom\u00f3vil &#8211; Obras o reformas en domicilio. Etc.<\/li>\n<\/ul>\n<ul style=\"text-align: justify;\">\n<li><em>Deuda de un negocio propio.-<\/em><em> <\/em>Con anterioridad el deudor tuvo un negocio propio  que cerr\u00f3, dejando deudas (proveedores y clientes). En estos casos lo mejor es  visitar al moroso en su trabajo. Por las caracter\u00edsticas de este tipo de deudor, la  deuda ha sido asumida por la familia que, l\u00f3gicamente, defender\u00e1 la situaci\u00f3n  poniendo trabas y, en muchas ocasiones, haciendo in\u00fatil nuestro trabajo. Esto no  ocurrir\u00e1 si la gesti\u00f3n se realiza en el lugar de trabajo, ya que el deudor no querr\u00e1 que  sus compa\u00f1eros y jefes se enteren de la situaci\u00f3n. Hay que aprovechar, en este tipo  de gestiones, el temor que todo moroso tiene a que el gestor le ridiculice en su  entorno, cualquiera que sea, no querr\u00e1n me conozcan que debe dinero. Insistimos en  el hecho de evitar las amenazas \u00abdelictivas\u00bb, s\u00f3lo con la Ley. <\/li>\n<\/ul>\n<p style=\"text-align: justify;\"><em>Trabajador por cuenta propia<\/em><\/p>\n<p style=\"text-align: justify;\">Asimismo, este deudor que tiene un negocio propio puede tener dos tipos de deuda:<\/p>\n<ul style=\"text-align: justify;\">\n<li><em>Deuda de familia.-<\/em><em> <\/em>Tendr\u00e1 el mismo tratamiento que el del apartado anterior ya que,  en este caso, el deudor no tiene jefes pero si empleados y clientes.<\/li>\n<\/ul>\n<ul style=\"text-align: justify;\">\n<li><em>Deuda propia del negocio.-<\/em><em> <\/em>Visitaremos al deudor en su domicilio. Aqu\u00ed es el  deudor el que encontrar\u00e1 un ambiente hostil, ya que, normalmente, su esposa no sabr\u00e1  nada del asunto y presionar\u00e1 para evitar m\u00e1s visitas del gestor. Es suficiente  encontrar, en este tipo de expedientes, que el moroso ha comprado una mercanc\u00eda y  la ha vendido sin haberla pagado con lo que habr\u00e1 cometido un delito de estafa.  Presionaremos con la acci\u00f3n judicial inmediata. <\/li>\n<\/ul>\n<p style=\"text-align: justify;\" align=\"right\">\n","protected":false},"excerpt":{"rendered":"<p>Deudor persona f\u00edsica Se pueden dividir en dos grupos: Trabajador por cuenta ajena &#8211; Como norma general, el deudor persona f\u00edsica que trabaja a sueldo puede tener dos tipos diferentes de deuda: Deuda de familia.- Se han adquirido bienes o &hellip; <a href=\"http:\/\/elmonasteriodelcobro.com\/index.php\/deudor-persona-fisica\/\">Sigue leyendo <span class=\"meta-nav\">&rarr;<\/span><\/a><\/p>\n","protected":false},"author":1,"featured_media":0,"parent":0,"menu_order":13,"comment_status":"closed","ping_status":"closed","template":"","meta":{"footnotes":""},"class_list":["post-25","page","type-page","status-publish","hentry"],"_links":{"self":[{"href":"http:\/\/elmonasteriodelcobro.com\/index.php\/wp-json\/wp\/v2\/pages\/25","targetHints":{"allow":["GET"]}}],"collection":[{"href":"http:\/\/elmonasteriodelcobro.com\/index.php\/wp-json\/wp\/v2\/pages"}],"about":[{"href":"http:\/\/elmonasteriodelcobro.com\/index.php\/wp-json\/wp\/v2\/types\/page"}],"author":[{"embeddable":true,"href":"http:\/\/elmonasteriodelcobro.com\/index.php\/wp-json\/wp\/v2\/users\/1"}],"replies":[{"embeddable":true,"href":"http:\/\/elmonasteriodelcobro.com\/index.php\/wp-json\/wp\/v2\/comments?post=25"}],"version-history":[{"count":1,"href":"http:\/\/elmonasteriodelcobro.com\/index.php\/wp-json\/wp\/v2\/pages\/25\/revisions"}],"predecessor-version":[{"id":432,"href":"http:\/\/elmonasteriodelcobro.com\/index.php\/wp-json\/wp\/v2\/pages\/25\/revisions\/432"}],"wp:attachment":[{"href":"http:\/\/elmonasteriodelcobro.com\/index.php\/wp-json\/wp\/v2\/media?parent=25"}],"curies":[{"name":"wp","href":"https:\/\/api.w.org\/{rel}","templated":true}]}}