{"id":24,"date":"2010-09-28T10:48:47","date_gmt":"2010-09-28T08:48:47","guid":{"rendered":"http:\/\/elmonasteriodelcobro.com\/?page_id=24"},"modified":"2013-09-29T23:15:06","modified_gmt":"2013-09-29T21:15:06","slug":"expedientes-con-documentacion","status":"publish","type":"page","link":"http:\/\/elmonasteriodelcobro.com\/index.php\/expedientes-con-documentacion\/","title":{"rendered":"3. Expedientes con documentaci\u00f3n"},"content":{"rendered":"<p style=\"text-align: justify;\"><a name=\"ConDoc\"><strong>Expedientes con documentaci\u00f3n<\/strong> <\/a><\/p>\n<p style=\"text-align: justify;\">En estos casos, la deuda est\u00e1 demostrada con la documentaci\u00f3n que aporta el cliente.<\/p>\n<p style=\"text-align: justify;\">Como hemos comentado, el principal trabajo se basa en la informaci\u00f3n que seamos  capaces de conseguir. Se localizar\u00e1, si es necesario al deudor y su situaci\u00f3n financiera  actual.<\/p>\n<ul style=\"text-align: justify;\">\n<li>En caso de ser insolvente el deudor y vemos que no podr\u00e1 hacer frente a la deuda a  medio plazo no queda otra soluci\u00f3n que aparcar el expediente, y realizar una espera,  de forma que la situaci\u00f3n mejore, pero siempre haciendo que nos reconozca tal hecho  ante Notario. Ni que decir tiene que \u00e9sta insolvencia debe ser verificada sin lugar a  dudas por el gestor.<\/li>\n<\/ul>\n<ul style=\"text-align: justify;\">\n<li>Si el deudor tiene bienes y la documentaci\u00f3n nos lo permite se plantear\u00e1  directamente un ejecutivo sin previo contacto con el deudor. S\u00f3lo despu\u00e9s de hacer  esto se debe visitar al deudor. Si el ejecutivo se han planteado correctamente, el  gestor lleva armas suficientes para conseguir el cobro extrajudicial. Si la  documentaci\u00f3n no nos permite plantear un ejecutivo, hay que realizar primero una  gesti\u00f3n extrajudicial. Si no tuviese \u00e9xito, procederemos a plantear una reclamaci\u00f3n  de cantidad con embargo preventivo y continuaremos gestionando el cobro  extrajudicial.<\/li>\n<\/ul>\n<ul style=\"text-align: justify;\">\n<li>Si el deudor no tiene bienes estudiaremos su nivel de vida (entorno, autom\u00f3vil, zona  de residencia, etc.). Si estos datos no sindican un nivel alto de gastos, l\u00f3gicamente  los ingresos tambi\u00e9n lo ser\u00e1n. Dirigiremos despu\u00e9s la investigaci\u00f3n hacia la  demostraci\u00f3n de que ha cometido un delito (estafa, apropiaci\u00f3n indebida, alzamiento  de bienes a su nombre, etc.). Si esto se consigue, gestionaremos con la acci\u00f3n  judicial.<\/li>\n<\/ul>\n<p style=\"text-align: justify;\">Como vemos, podemos conseguir en la mayor\u00eda de los expedientes presi\u00f3n para que el  gestor no caiga en el error de amenazar con da\u00f1o f\u00edsico al deudor. En muchas ocasiones,  \u00e9ste espera la agresi\u00f3n verbal del gestor para presentar denuncia por coacci\u00f3n y amenazas  y as\u00ed dificultar la gesti\u00f3n. No le demos esa oportunidad y presionaremos s\u00f3lo con el peso  de la Ley.<\/p>\n","protected":false},"excerpt":{"rendered":"<p>Expedientes con documentaci\u00f3n En estos casos, la deuda est\u00e1 demostrada con la documentaci\u00f3n que aporta el cliente. Como hemos comentado, el principal trabajo se basa en la informaci\u00f3n que seamos capaces de conseguir. Se localizar\u00e1, si es necesario al deudor &hellip; <a href=\"http:\/\/elmonasteriodelcobro.com\/index.php\/expedientes-con-documentacion\/\">Sigue leyendo <span class=\"meta-nav\">&rarr;<\/span><\/a><\/p>\n","protected":false},"author":1,"featured_media":0,"parent":0,"menu_order":14,"comment_status":"closed","ping_status":"closed","template":"","meta":{"footnotes":""},"class_list":["post-24","page","type-page","status-publish","hentry"],"_links":{"self":[{"href":"http:\/\/elmonasteriodelcobro.com\/index.php\/wp-json\/wp\/v2\/pages\/24","targetHints":{"allow":["GET"]}}],"collection":[{"href":"http:\/\/elmonasteriodelcobro.com\/index.php\/wp-json\/wp\/v2\/pages"}],"about":[{"href":"http:\/\/elmonasteriodelcobro.com\/index.php\/wp-json\/wp\/v2\/types\/page"}],"author":[{"embeddable":true,"href":"http:\/\/elmonasteriodelcobro.com\/index.php\/wp-json\/wp\/v2\/users\/1"}],"replies":[{"embeddable":true,"href":"http:\/\/elmonasteriodelcobro.com\/index.php\/wp-json\/wp\/v2\/comments?post=24"}],"version-history":[{"count":1,"href":"http:\/\/elmonasteriodelcobro.com\/index.php\/wp-json\/wp\/v2\/pages\/24\/revisions"}],"predecessor-version":[{"id":439,"href":"http:\/\/elmonasteriodelcobro.com\/index.php\/wp-json\/wp\/v2\/pages\/24\/revisions\/439"}],"wp:attachment":[{"href":"http:\/\/elmonasteriodelcobro.com\/index.php\/wp-json\/wp\/v2\/media?parent=24"}],"curies":[{"name":"wp","href":"https:\/\/api.w.org\/{rel}","templated":true}]}}